{"id":162,"date":"2021-03-02T07:16:08","date_gmt":"2021-03-02T10:16:08","guid":{"rendered":"http:\/\/stclarescenter.com.ar\/ingles-buenosaires\/?page_id=162"},"modified":"2021-03-03T10:54:18","modified_gmt":"2021-03-03T13:54:18","slug":"protocolo-clases-presenciales","status":"publish","type":"page","link":"https:\/\/stclarescenter.com.ar\/ingles-buenosaires\/protocolo-clases-presenciales\/","title":{"rendered":"PROTOCOLO Clases Presenciales"},"content":{"rendered":"\n<h2 class=\"has-vivid-cyan-blue-color has-text-color wp-block-heading\">MEDIDAS DE PREVENCI\u00d3N PARA EL DESARROLLO DE LA REVINCULACI\u00d3N EN LAS SEDES DE LA INSTITUCI\u00d3N<\/h2>\n\n\n\n<div style=\"height:59px\" aria-hidden=\"true\" class=\"wp-block-spacer\"><\/div>\n\n\n\n<p class=\"has-drop-cap has-vivid-cyan-blue-color has-text-color\">1 <strong>OBJETO <\/strong><\/p>\n\n\n\n<p>El objetivo del presente documento es el de brindar lineamientos generales a las familias y alumnos para el acceso y permanencia en el instituto durante el per\u00edodo de revinculaci\u00f3n voluntario. Las autoridades a cargo del desarrollo de los mismos, tomar\u00e1n las acciones necesarias respecto al ingreso, permanencia y egreso de las\/os estudiantes y acompa\u00f1antes \u2013 en el caso de alumnos peque\u00f1os- como as\u00ed tambi\u00e9n de docentes y personal no docente para prevenir los riesgos de contagio de COVID-19 en la poblaci\u00f3n sujeto de este documento.<\/p>\n\n\n\n<div style=\"height:50px\" aria-hidden=\"true\" class=\"wp-block-spacer\"><\/div>\n\n\n\n<p class=\"has-drop-cap has-vivid-cyan-blue-color has-text-color\">2 <strong>Las PAUTAS ESTABLECIDAS<\/strong> en el presente documento <\/p>\n\n\n\n<p>constituyen un est\u00e1ndar de condiciones m\u00ednimas que podr\u00e1n ser ampliadas o modificadas de acuerdo con los cambios que surjan respecto a la situaci\u00f3n epidemiol\u00f3gica y cualquier otra sugerencia que emane de las autoridades del Gobierno de la Ciudad Aut\u00f3noma de Buenos Aires.<\/p>\n\n\n\n<div style=\"height:50px\" aria-hidden=\"true\" class=\"wp-block-spacer\"><\/div>\n\n\n\n<p class=\"has-drop-cap has-vivid-cyan-blue-color has-text-color\">3 <strong>ALCANCE<\/strong>: Podr\u00e1n participar de las actividades del presente documento las\/os estudiantes que est\u00e9n de acuerdo con las pautas y modalidades que se establecen a continuaci\u00f3n:<\/p>\n\n\n\n<div style=\"height:25px\" aria-hidden=\"true\" class=\"wp-block-spacer\"><\/div>\n\n\n\n<ul class=\"wp-block-list\"><li>Es obligatorio el uso de tapaboca en todo momento, que debe cubrir por completo la nariz, boca y ment\u00f3n, conforme establece la Resoluci\u00f3n del Ministerio de Salud N\u00b0 RESFC-2020-15-GCABA-MJGGC y su modificatoria.<\/li><\/ul>\n\n\n\n<p><\/p>\n\n\n\n<div style=\"height:20px\" aria-hidden=\"true\" class=\"wp-block-spacer\"><\/div>\n\n\n\n<ul class=\"wp-block-list\"><li>S\u00f3lo se permitir\u00e1 la presencia de una dotaci\u00f3n m\u00ednima ( 6 alumnos por turno) en el patio o terraza de la Instituci\u00f3n y se contar\u00e1 con el personal indispensable para la realizaci\u00f3n de la actividad.<\/li><\/ul>\n\n\n\n<p><\/p>\n\n\n\n<div style=\"height:20px\" aria-hidden=\"true\" class=\"wp-block-spacer\"><\/div>\n\n\n\n<ul class=\"wp-block-list\"><li>Alumnos que pertenezcan a Grupos de riesgo o con enfermedades preexistentes no podr\u00e1n asistir; para lo cual se deber\u00e1 traer la Declaraci\u00f3n Jurada que se adjunta en el presente. Dichos grupos, de conformidad con la definici\u00f3n vigente al d\u00eda de la fecha, son:<ol><li>Enfermedades respiratorias cr\u00f3nicas: enfermedad pulmonar obstructiva cr\u00f3nica [EP OC], enfisema cong\u00e9nito, displasia broncopulmonar, bronquiectasias, fibrosis qu\u00edstica y asma moderado o severo. <\/li><li>Enfermedades card\u00edacas: Insuficiencia card\u00edaca, enfermedad coronaria, valvulopat\u00edas y cardiopat\u00edas cong\u00e9nitas. <\/li><li>Inmunodeficiencias. <\/li><li>Diab\u00e9ticos, personas con insuficiencia renal cr\u00f3nica en di\u00e1lisis o con expectativas de ingresar a di\u00e1lisis en los siguientes seis meses. <\/li><li>Personas con obesidad con IMC igual o superior a 40 kg\/m2 . (obesidad grado 3))<\/li><\/ol><\/li><\/ul>\n\n\n\n<p><\/p>\n\n\n\n<div style=\"height:20px\" aria-hidden=\"true\" class=\"wp-block-spacer\"><\/div>\n\n\n\n<ul class=\"wp-block-list\"><li>Tampoco podr\u00e1n concurrir quienes presenten s\u00edntomas compatibles con sospecha de COVID-19, est\u00e1n en aislamiento obligatorio debido a su diagn\u00f3stico o quienes cumplan criterio de contacto estrecho y\/o caso sospechoso o confirmado de COVID-19 de conformidad con las previsiones de la Resoluci\u00f3n 842\/MSGC\/20 y sus modificatorias, y dem\u00e1s documentos sanitarios aprobados por el Ministerio de Salud del Gobierno de la Ciudad Aut\u00f3noma de Buenos Aires.<\/li><\/ul>\n\n\n\n<p><\/p>\n\n\n\n<div style=\"height:20px\" aria-hidden=\"true\" class=\"wp-block-spacer\"><\/div>\n\n\n\n<ul class=\"wp-block-list\"><li>MEDIDAS GENERALES. Se tendr\u00e1n en cuenta las siguientes medidas :<\/li><\/ul>\n\n\n\n<ol class=\"wp-block-list\"><li>Se\u00f1alizaci\u00f3n de espacios. El patio contar\u00e1 con se\u00f1alizaci\u00f3n para cumplimentar con la medida de distanciamiento social y sentido unidireccional de circulaci\u00f3n.<\/li><li>Se tomar\u00e1 la temperatura a todos los alumnos que participen de las actividades del presente documento. A tales efectos se utilizar\u00e1 un term\u00f3metro infrarrojo que no implique el contacto con la piel. No podr\u00e1n ingresar al establecimiento aquellas personas cuya temperatura sea de 37 cent\u00edgrados o m\u00e1s. <\/li><li>Se deber\u00e1n relevar, previo al ingreso, s\u00edntomas de infecci\u00f3n por COVID-19: tos, dolor de garganta, dificultad respiratoria, dolor muscular, cefalea, diarrea y\/o v\u00f3mitos, o p\u00e9rdida brusca de gusto u olfato. <\/li><li>No se permitir\u00e1 el desplazamiento de los acompa\u00f1antes, debiendo permanecer afuera del Instituto o en sus cercan\u00edas. <\/li><li>Al ingreso, deber\u00e1n pararse en la alfombra sanitizante y luego se les solicitar\u00e1 aplicarse alcohol en gel en las manos.<\/li><li>Durante la actividad se les recordar\u00e1 a los alumnos que para reducir eficazmente el desarrollo de microorganismos en las manos:<ul><li>El lavado de manos debe durar al menos 40\u201360 segundos. <\/li><li>El lavado de manos con agua y jab\u00f3n debe realizarse siguiendo los pasos indicados: <\/li><li>En caso de no tener acceso a agua y jab\u00f3n: Higiene de manos con soluciones a base de alcohol (por ejemplo, alcohol en gel). <\/li><li>Es importante hacerlo frecuentemente, sobre todo antes y despu\u00e9s de manipular basura o desperdicios; antes y despu\u00e9s de comer, manipular alimentos y\/o amamantar; luego de haber tocado superficies de uso p\u00fablico (mostradores, pasamanos, picaportes, barandas, etc.); despu\u00e9s de manipular dinero, llaves, animales, etc.;<\/li><\/ul><\/li><li>No se permitir\u00e1 el ingreso de alimentos al instituto. S\u00f3lo podr\u00e1n traer una botella de agua para uso personal.<\/li><\/ol>\n\n\n\n<div style=\"height:35px\" aria-hidden=\"true\" class=\"wp-block-spacer\"><\/div>\n\n\n\n<p class=\"has-drop-cap has-vivid-cyan-blue-color has-text-color\">4 <strong>MEDIDAS DE HIGIENE Y DESINFECCI\u00d3N<\/strong> <\/p>\n\n\n\n<p>Se dar\u00e1 cumplimiento a las siguientes medidas de higiene y desinfecci\u00f3n: <\/p>\n\n\n\n<div style=\"height:20px\" aria-hidden=\"true\" class=\"wp-block-spacer\"><\/div>\n\n\n\n<ul class=\"wp-block-list\"><li>Todos los espacios a utilizar o de tr\u00e1nsito contar\u00e1n con alcohol en gel o soluci\u00f3n de alcohol al 70%. <\/li><\/ul>\n\n\n\n<ul class=\"wp-block-list\"><li>Los ba\u00f1os tendr\u00e1n jab\u00f3n, papel descartable y cestos de basura. <\/li><\/ul>\n\n\n\n<ul class=\"wp-block-list\"><li>Se reforzar\u00e1 la desinfecci\u00f3n de picaportes, pasamanos, grifer\u00edas, pulsadores o tiradores de inodoros y todo elemento de uso y contacto frecuente con lavandina al 10%.<\/li><\/ul>\n\n\n\n<div style=\"height:50px\" aria-hidden=\"true\" class=\"wp-block-spacer\"><\/div>\n\n\n\n<p class=\"has-drop-cap has-vivid-cyan-blue-color has-text-color\">5 <strong>Ante la aparici\u00f3n de un caso sospechoso de COVID-19<\/strong> durante el desarrollo de las actividades del presente documento, se llevar\u00e1n a cabo las acciones pertinentes recomendadas por el Ministerio de Salud:<\/p>\n\n\n\n<div style=\"height:20px\" aria-hidden=\"true\" class=\"wp-block-spacer\"><\/div>\n\n\n\n<ul class=\"wp-block-list\"><li>Contactar inmediatamente a un n\u00famero espec\u00edfico del equipo de seguimiento epidemiol\u00f3gico del Ministerio de Salud. <\/li><\/ul>\n\n\n\n<ul class=\"wp-block-list\"><li>Contactar inmediatamente al sistema de cobertura privada de salud de la persona, en caso que lo tuviera. <\/li><\/ul>\n\n\n\n<ul class=\"wp-block-list\"><li>En caso de personal docente y no docente confirmado, informar a la ART y otorgar la licencia correspondiente. Una vez confirmado el caso, el Ministerio de Salud de la Ciudad Aut\u00f3noma de Buenos Aires identificar\u00e1 a las personas que cumplan criterios de contacto estrecho. Si se confirmara el caso, el establecimiento permanecer\u00e1 cerrado por un d\u00eda para los casos sospechosos, confirmados y contactos estrechos ser\u00e1n manejados de acuerdo a protocolos sanitarios vigentes:<br><a href=\"https:\/\/www.buenosaires.gob.ar\/coronavirus\/equipos-salud\/protocolos-coronavirus-covid-19\" target=\"_blank\" rel=\"noreferrer noopener\">https:\/\/www.buenosaires.gob.ar\/coronavirus\/equipos-salud\/protocolos-coronavirus-covid-19<\/a><\/li><\/ul>\n\n\n\n<div style=\"height:30px\" aria-hidden=\"true\" class=\"wp-block-spacer\"><\/div>\n\n\n\n<p class=\"has-drop-cap has-vivid-cyan-blue-color has-text-color\">6 <strong>Es obligatorio completar y entregar previamente la DECLARACI\u00d3N JURADA que se adjunta.<\/strong><\/p>\n\n\n\n<div class=\"wp-block-buttons is-layout-flex wp-block-buttons-is-layout-flex\">\n<div class=\"wp-block-button\"><a class=\"wp-block-button__link has-vivid-cyan-blue-background-color has-background\" href=\"http:\/\/stclarescenter.com.ar\/descargas\/StClaresCenter_Declaracion-Jurada-antecedentes.docx\">DESCARGAR &#8221;DECLARACI\u00d3N JURADA&#8221;<\/a><\/div>\n<\/div>\n\n\n\n<div style=\"height:138px\" aria-hidden=\"true\" class=\"wp-block-spacer\"><\/div>\n","protected":false},"excerpt":{"rendered":"<p>MEDIDAS DE PREVENCI\u00d3N PARA EL DESARROLLO DE LA REVINCULACI\u00d3N EN LAS SEDES DE LA INSTITUCI\u00d3N 1 OBJETO El objetivo del presente documento es el de brindar lineamientos generales a las &#8230;<\/p>\n","protected":false},"author":1,"featured_media":220,"parent":0,"menu_order":0,"comment_status":"closed","ping_status":"closed","template":"template-fullwidth.php","meta":{"footnotes":""},"class_list":["post-162","page","type-page","status-publish","has-post-thumbnail","hentry"],"_links":{"self":[{"href":"https:\/\/stclarescenter.com.ar\/ingles-buenosaires\/wp-json\/wp\/v2\/pages\/162","targetHints":{"allow":["GET"]}}],"collection":[{"href":"https:\/\/stclarescenter.com.ar\/ingles-buenosaires\/wp-json\/wp\/v2\/pages"}],"about":[{"href":"https:\/\/stclarescenter.com.ar\/ingles-buenosaires\/wp-json\/wp\/v2\/types\/page"}],"author":[{"embeddable":true,"href":"https:\/\/stclarescenter.com.ar\/ingles-buenosaires\/wp-json\/wp\/v2\/users\/1"}],"replies":[{"embeddable":true,"href":"https:\/\/stclarescenter.com.ar\/ingles-buenosaires\/wp-json\/wp\/v2\/comments?post=162"}],"version-history":[{"count":40,"href":"https:\/\/stclarescenter.com.ar\/ingles-buenosaires\/wp-json\/wp\/v2\/pages\/162\/revisions"}],"predecessor-version":[{"id":225,"href":"https:\/\/stclarescenter.com.ar\/ingles-buenosaires\/wp-json\/wp\/v2\/pages\/162\/revisions\/225"}],"wp:featuredmedia":[{"embeddable":true,"href":"https:\/\/stclarescenter.com.ar\/ingles-buenosaires\/wp-json\/wp\/v2\/media\/220"}],"wp:attachment":[{"href":"https:\/\/stclarescenter.com.ar\/ingles-buenosaires\/wp-json\/wp\/v2\/media?parent=162"}],"curies":[{"name":"wp","href":"https:\/\/api.w.org\/{rel}","templated":true}]}}