{"id":2,"date":"2020-04-12T20:44:32","date_gmt":"2020-04-12T23:44:32","guid":{"rendered":"http:\/\/stclarescenter.com.ar\/cursos-online\/?page_id=2"},"modified":"2023-10-27T01:33:51","modified_gmt":"2023-10-27T04:33:51","slug":"pagina-ejemplo","status":"publish","type":"page","link":"https:\/\/stclarescenter.com.ar\/ingles-online\/","title":{"rendered":"INGL\u00c9S ONLINE"},"content":{"rendered":"\n<p><\/p>\n\n\n\n<h5 class=\"wp-block-heading has-text-align-center\">INSCRIPCI\u00d3N ABIERTA<\/h5>\n\n\n\n<h1 class=\"wp-block-heading has-text-align-center\"><strong>\u00bfQU\u00c9 CURSO QUER\u00c9S HACER EN 2024?<\/strong><\/h1>\n\n\n\n<p class=\"has-text-align-center\"><em>Informate sobre nuestros cursos!<\/em><\/p>\n\n\n<div class=\"wp-block-image\">\n<figure class=\"aligncenter is-resized\"><img decoding=\"async\" src=\"http:\/\/stclarescenter.com.ar\/cursosingles-bsas\/wp-content\/uploads\/2019\/02\/guia-cursos-ingles-2019-244x300.png\" alt=\"\" class=\"wp-image-216\" style=\"width:61px;height:75px\"\/><\/figure>\n<\/div>\n\n\n<p class=\"has-text-align-center\"><strong>DESCARG\u00c1 la GU\u00cdA \u2018CURSOS DE INGL\u00c9S 2024\u2019<\/strong><\/p>\n\n\n\n<p class=\"has-text-align-center\">&gt;&gt; Llenando este Formulario &lt;&lt;<\/p>\n\n\n\n<p class=\"has-text-align-center\"><em>y nos pondremos en contacto a la brevedad!<\/em><\/p>\n\n\n\n<div style=\"height:67px\" aria-hidden=\"true\" class=\"wp-block-spacer\"><\/div>\n\n\n<p><iframe loading=\"lazy\" src=\"https:\/\/docs.google.com\/forms\/d\/e\/1FAIpQLSfcPTq2ZyYAcZdcjUejo2jzCw2aKdWjrwZtigpBxYNH9uxxhg\/viewform?embedded=true\" width=\"100%\" height=\"1300px\" frameborder=\"0\" marginwidth=\"0\" marginheight=\"0\">Cargando\u2026<\/iframe><\/p>","protected":false},"excerpt":{"rendered":"<p>INSCRIPCI\u00d3N ABIERTA \u00bfQU\u00c9 CURSO QUER\u00c9S HACER EN 2024? Informate sobre nuestros cursos! DESCARG\u00c1 la GU\u00cdA \u2018CURSOS DE INGL\u00c9S 2024\u2019 &gt;&gt; Llenando este Formulario &lt;&lt; y nos pondremos en contacto a &#8230;<\/p>\n","protected":false},"author":1,"featured_media":0,"parent":0,"menu_order":0,"comment_status":"closed","ping_status":"open","template":"template-frontpage.php","meta":{"footnotes":""},"class_list":["post-2","page","type-page","status-publish","hentry"],"_links":{"self":[{"href":"https:\/\/stclarescenter.com.ar\/ingles-online\/wp-json\/wp\/v2\/pages\/2","targetHints":{"allow":["GET"]}}],"collection":[{"href":"https:\/\/stclarescenter.com.ar\/ingles-online\/wp-json\/wp\/v2\/pages"}],"about":[{"href":"https:\/\/stclarescenter.com.ar\/ingles-online\/wp-json\/wp\/v2\/types\/page"}],"author":[{"embeddable":true,"href":"https:\/\/stclarescenter.com.ar\/ingles-online\/wp-json\/wp\/v2\/users\/1"}],"replies":[{"embeddable":true,"href":"https:\/\/stclarescenter.com.ar\/ingles-online\/wp-json\/wp\/v2\/comments?post=2"}],"version-history":[{"count":6,"href":"https:\/\/stclarescenter.com.ar\/ingles-online\/wp-json\/wp\/v2\/pages\/2\/revisions"}],"predecessor-version":[{"id":687,"href":"https:\/\/stclarescenter.com.ar\/ingles-online\/wp-json\/wp\/v2\/pages\/2\/revisions\/687"}],"wp:attachment":[{"href":"https:\/\/stclarescenter.com.ar\/ingles-online\/wp-json\/wp\/v2\/media?parent=2"}],"curies":[{"name":"wp","href":"https:\/\/api.w.org\/{rel}","templated":true}]}}